{"id":6009,"date":"2022-09-19T09:39:56","date_gmt":"2022-09-19T06:39:56","guid":{"rendered":"https:\/\/apskaitosskydai.lt\/?post_type=product&#038;p=6009"},"modified":"2023-06-12T16:09:34","modified_gmt":"2023-06-12T13:09:34","slug":"skirstomosios-spintos-remas-ss201250-2-1r-2000x1200x500-396-mod-komplektacija","status":"publish","type":"product","link":"https:\/\/apskaitosskydai.lt\/en\/produktas\/skirstomosios-spintos-remas-ss201250-2-1r-2000x1200x500-396-mod-komplektacija\/","title":{"rendered":"Skirstomosios spintos r\u0117mas SS201250-2-1R-396 (2000x1200x500) (396 mod.) Komplektacija"},"content":{"rendered":"<p>[et_pb_section fb_built=&#8221;1&#8243; _builder_version=&#8221;4.14.9&#8243; custom_padding=&#8221;0px||0px||true|false&#8221; global_module=&#8221;273&#8243; saved_tabs=&#8221;all&#8221; global_colors_info=&#8221;{}&#8221;][et_pb_row admin_label=&#8221;Row&#8221; _builder_version=&#8221;4.16&#8243; background_size=&#8221;initial&#8221; background_position=&#8221;top_left&#8221; background_repeat=&#8221;repeat&#8221; width=&#8221;100%&#8221; custom_padding=&#8221;0px||0px||false|false&#8221; global_colors_info=&#8221;{}&#8221;][et_pb_column type=&#8221;4_4&#8243; _builder_version=&#8221;4.16&#8243; custom_padding=&#8221;|||&#8221; global_colors_info=&#8221;{}&#8221; custom_padding__hover=&#8221;|||&#8221;][et_pb_wc_cart_notice admin_label=&#8221;Woo Notice&#8221; _builder_version=&#8221;4.16&#8243; global_colors_info=&#8221;{}&#8221;][\/et_pb_wc_cart_notice][et_pb_wc_breadcrumb admin_label=&#8221;Woo Breadcrumbs&#8221; _builder_version=&#8221;4.17.3&#8243; _module_preset=&#8221;default&#8221; body_text_color=&#8221;#E44003&#8243; body_line_height=&#8221;1.3em&#8221; link_text_color=&#8221;#666666&#8243; global_colors_info=&#8221;{}&#8221;][\/et_pb_wc_breadcrumb][\/et_pb_column][\/et_pb_row][et_pb_row column_structure=&#8221;1_2,1_2&#8243; use_custom_gutter=&#8221;on&#8221; gutter_width=&#8221;4&#8243; _builder_version=&#8221;4.18.0&#8243; background_size=&#8221;initial&#8221; background_position=&#8221;top_left&#8221; background_repeat=&#8221;repeat&#8221; width=&#8221;100%&#8221; custom_padding=&#8221;0px||||false|false&#8221; collapsed=&#8221;off&#8221; global_colors_info=&#8221;{}&#8221;][et_pb_column type=&#8221;1_2&#8243; _builder_version=&#8221;4.16&#8243; custom_padding=&#8221;|||&#8221; global_colors_info=&#8221;{}&#8221; custom_padding__hover=&#8221;|||&#8221;][et_pb_wc_images sale_badge_color=&#8221;#E44003&#8243; _builder_version=&#8221;4.19.4&#8243; _module_preset=&#8221;default&#8221; sale_badge_text_color=&#8221;#FFFFFF&#8221; sale_badge_line_height=&#8221;1.2em&#8221; sale_badge_font_size_tablet=&#8221;18px&#8221; sale_badge_font_size_phone=&#8221;16px&#8221; sale_badge_font_size_last_edited=&#8221;on|phone&#8221; border_color_all=&#8221;#e2e2e2&#8243; border_width_all_image=&#8221;1px&#8221; border_color_all_image=&#8221;#e2e2e2&#8243; global_colors_info=&#8221;{}&#8221;][\/et_pb_wc_images][et_pb_text _builder_version=&#8221;4.18.0&#8243; _module_preset=&#8221;default&#8221; text_text_color=&#8221;#E44003&#8243; global_colors_info=&#8221;{}&#8221;]<\/p>\n<p><strong>Pastaba:<\/strong> gaminio fotografija gali neatitikti tikro gaminio<\/p>\n<p>[\/et_pb_text][\/et_pb_column][et_pb_column type=&#8221;1_2&#8243; _builder_version=&#8221;4.16&#8243; custom_padding=&#8221;|||&#8221; global_colors_info=&#8221;{}&#8221; custom_padding__hover=&#8221;|||&#8221;][et_pb_wc_title _builder_version=&#8221;4.17.3&#8243; header_font=&#8221;|700|||||||&#8221; header_text_color=&#8221;#666666&#8243; header_font_size=&#8221;24px&#8221; header_line_height=&#8221;1.3em&#8221; custom_margin=&#8221;||10px||false|false&#8221; custom_padding=&#8221;||0px||false|false&#8221; header_font_size_tablet=&#8221;22px&#8221; header_font_size_phone=&#8221;20px&#8221; header_font_size_last_edited=&#8221;on|phone&#8221; global_colors_info=&#8221;{}&#8221;][\/et_pb_wc_title][et_pb_wc_price _builder_version=&#8221;4.16&#8243; body_font=&#8221;|700|||||||&#8221; body_text_color=&#8221;#999999&#8243; body_font_size=&#8221;18px&#8221; body_font_size_tablet=&#8221;17px&#8221; body_font_size_phone=&#8221;16px&#8221; body_font_size_last_edited=&#8221;on|tablet&#8221; global_colors_info=&#8221;{}&#8221;][\/et_pb_wc_price][et_pb_wc_meta _builder_version=&#8221;4.16&#8243; background_color=&#8221;#f4f4f4&#8243; custom_margin=&#8221;0px||||false|false&#8221; custom_padding=&#8221;|20px|7px|20px|false|true&#8221; border_width_all=&#8221;1px&#8221; border_color_all=&#8221;#f4f4f4&#8243; global_colors_info=&#8221;{}&#8221;][\/et_pb_wc_meta][et_pb_wc_additional_info show_title=&#8221;off&#8221; _builder_version=&#8221;4.17.3&#8243; _module_preset=&#8221;default&#8221; table_row_custom_padding=&#8221;5px||5px||true|false&#8221; body_font=&#8221;||||||||&#8221; body_line_height=&#8221;1.3em&#8221; attribute_line_height=&#8221;1.3em&#8221; global_colors_info=&#8221;{}&#8221;][\/et_pb_wc_additional_info][et_pb_wc_add_to_cart admin_label=&#8221;Woo Product Add To Cart&#8221; _builder_version=&#8221;4.19.4&#8243; fields_custom_padding=&#8221;0px|20px|0px|20px|true|true&#8221; custom_button=&#8221;on&#8221; button_use_icon=&#8221;off&#8221; button_custom_padding=&#8221;18px|24px|18px|24px|true|true&#8221; global_colors_info=&#8221;{}&#8221;][\/et_pb_wc_add_to_cart][et_pb_wc_description admin_label=&#8221;Woo Product Description&#8221; _builder_version=&#8221;4.16&#8243; global_colors_info=&#8221;{}&#8221;][\/et_pb_wc_description][et_pb_wc_tabs admin_label=&#8221;Woo Product Tabs&#8221; _builder_version=&#8221;4.16&#8243; _module_preset=&#8221;default&#8221; body_line_height=&#8221;1.3em&#8221; global_colors_info=&#8221;{}&#8221;][\/et_pb_wc_tabs][\/et_pb_column][\/et_pb_row][\/et_pb_section][et_pb_section fb_built=&#8221;1&#8243; _builder_version=&#8221;4.16&#8243; custom_margin=&#8221;0px||0px||true|false&#8221; custom_padding=&#8221;0px||0px||true|false&#8221; global_colors_info=&#8221;{}&#8221;][et_pb_row column_structure=&#8221;1_2,1_2&#8243; _builder_version=&#8221;4.16&#8243; background_size=&#8221;initial&#8221; background_position=&#8221;top_left&#8221; background_repeat=&#8221;repeat&#8221; width=&#8221;100%&#8221; custom_margin=&#8221;0px||0px||true|false&#8221; custom_padding=&#8221;0px||0px||true|false&#8221; global_colors_info=&#8221;{}&#8221;][et_pb_column type=&#8221;1_2&#8243; _builder_version=&#8221;4.16&#8243; custom_padding=&#8221;|||&#8221; global_colors_info=&#8221;{}&#8221; custom_padding__hover=&#8221;|||&#8221;][\/et_pb_column][et_pb_column type=&#8221;1_2&#8243; _builder_version=&#8221;4.16&#8243; background_color=&#8221;#E44003&#8243; custom_padding=&#8221;|||&#8221; global_colors_info=&#8221;{}&#8221; custom_padding__hover=&#8221;|||&#8221; background__hover_enabled=&#8221;on|hover&#8221; background_color__hover=&#8221;#b03a0e&#8221; background_enable_color__hover=&#8221;on&#8221;][et_pb_button button_url=&#8221;https:\/\/apskaitosskydai.lt\/wp-content\/uploads\/SS201250-2-1R-1.pdf&#8221; url_new_window=&#8221;on&#8221; button_text=&#8221;PDF &#8211; parsisi\u0173sti&#8221; button_alignment=&#8221;center&#8221; admin_label=&#8221;PDF&#8221; _builder_version=&#8221;4.18.0&#8243; _module_preset=&#8221;default&#8221; custom_button=&#8221;on&#8221; button_text_size=&#8221;14px&#8221; button_icon=&#8221;&#xf1c1;||fa||900&#8243; button_icon_color=&#8221;#FFFFFF&#8221; button_icon_placement=&#8221;left&#8221; button_on_hover=&#8221;off&#8221; custom_padding=&#8221;10px|30px|10px|30px|true|true&#8221; global_colors_info=&#8221;{}&#8221;][\/et_pb_button][\/et_pb_column][\/et_pb_row][et_pb_row column_structure=&#8221;1_2,1_2&#8243; _builder_version=&#8221;4.16&#8243; background_size=&#8221;initial&#8221; background_position=&#8221;top_left&#8221; background_repeat=&#8221;repeat&#8221; width=&#8221;100%&#8221; custom_margin=&#8221;10px||||false|false&#8221; custom_padding=&#8221;0px||||false|false&#8221; global_colors_info=&#8221;{}&#8221;][et_pb_column type=&#8221;1_2&#8243; _builder_version=&#8221;4.16&#8243; custom_padding=&#8221;|||&#8221; global_colors_info=&#8221;{}&#8221; custom_padding__hover=&#8221;|||&#8221;][\/et_pb_column][et_pb_column type=&#8221;1_2&#8243; _builder_version=&#8221;4.16&#8243; background_color=&#8221;#E44003&#8243; custom_padding=&#8221;|||&#8221; global_colors_info=&#8221;{}&#8221; custom_padding__hover=&#8221;|||&#8221; background__hover_enabled=&#8221;on|hover&#8221; background_color__hover=&#8221;#b03a0e&#8221; background_enable_color__hover=&#8221;on&#8221;][et_pb_button button_url=&#8221;\/wp-content\/uploads\/SS201250-2-1R.dwg&#8221; url_new_window=&#8221;on&#8221; button_text=&#8221;DWG &#8211; parsisi\u0173sti&#8221; button_alignment=&#8221;center&#8221; admin_label=&#8221;DWG&#8221; module_class=&#8221;et-download-button&#8221; _builder_version=&#8221;4.17.4&#8243; _module_preset=&#8221;default&#8221; custom_button=&#8221;on&#8221; button_text_size=&#8221;14px&#8221; button_icon=&#8221;&#xf56d;||fa||900&#8243; button_icon_color=&#8221;#FFFFFF&#8221; button_icon_placement=&#8221;left&#8221; button_on_hover=&#8221;off&#8221; custom_padding=&#8221;10px|30px|10px|30px|true|true&#8221; global_colors_info=&#8221;{}&#8221;][\/et_pb_button][\/et_pb_column][\/et_pb_row][\/et_pb_section]<\/p>\n","protected":false},"excerpt":{"rendered":"<p style=\"color: red;\"><strong>PASTABOS:<\/strong><\/p>\n<ul>\n<li>\n<p style=\"color: red;\">Montuojama tik ant cokolio arba \u012fkasamo tvirtinimo stovo.<\/p>\n<\/li>\n<li>\n<p style=\"color: red;\">Standartin\u0117se d\u0117\u017e\u0117se moduli\u0173 laikikli\u0173 n\u0117ra. Nurodytas maksimalus moduli\u0173 skai\u010dius sutelpantis spintoje neatsi\u017evelgiant \u012f papildom\u0105 komplektacij\u0105 reikaling\u0105 pajungti modulinei \u012frangai. U\u017esakant reikia atkreipti d\u0117mes\u012f kad reik\u0117s vietos PE, N \u0161ynoms, ateinantiems bei i\u0161einantiems kabeliams ir t.t.<\/p>\n<\/li>\n<\/ul>\n","protected":false},"featured_media":3435,"template":"","meta":{"_et_pb_use_builder":"on","_et_pb_old_content":"SKIRSTOMOSIOS SPINTOS SSxxyyzz-A-BC\r\n\r\n(xx \u2013 d\u0117\u017e\u0117s auk\u0161tis (500\u00f72500); yy \u2013 d\u0117\u017e\u0117s plotis (500\u00f71600); zz \u2013 d\u0117\u017e\u0117s gylis (300\u00f7500); A \u2013 nusako priekini\u0173 dureli\u0173 arba dang\u010di\u0173 skai\u010di\u0173 \u2013 1 arba 2; \u00a0B \u2013 nusako nugarin\u0117s dalies dureli\u0173 arba dang\u010di\u0173 skai\u010di\u0173 \u2013 1 arba 2; C \u2013 nusako koks u\u017eraktas naudojamas \u2013 S (spynel\u0117s) arba R (rankena))\r\n\r\nmax.13\/61\/793(150); 9\/61\/549(200)mod., (moduli\u0173 eil\u0117s\/telpa moduli\u0173 eil\u0117je\/pilnas moduli\u0173 skai\u010dius telpantis spintoje(tarpas tarp moduli\u0173))\r\n\r\n<strong>Cinkuota, RAL7032(pagal u\u017esakym\u0105 galimos ir kitos spalvos), IP44\/IP54<\/strong>","_et_gb_content_width":""},"product_brand":[],"product_cat":[181],"product_tag":[],"class_list":{"0":"post-6009","1":"product","2":"type-product","3":"status-publish","4":"has-post-thumbnail","6":"product_cat-komplektuojamos-skirstomosios-spintos","8":"first","9":"instock","10":"taxable","11":"shipping-taxable","12":"purchasable","13":"product-type-yith-composite"},"_links":{"self":[{"href":"https:\/\/apskaitosskydai.lt\/en\/wp-json\/wp\/v2\/product\/6009","targetHints":{"allow":["GET"]}}],"collection":[{"href":"https:\/\/apskaitosskydai.lt\/en\/wp-json\/wp\/v2\/product"}],"about":[{"href":"https:\/\/apskaitosskydai.lt\/en\/wp-json\/wp\/v2\/types\/product"}],"wp:featuredmedia":[{"embeddable":true,"href":"https:\/\/apskaitosskydai.lt\/en\/wp-json\/wp\/v2\/media\/3435"}],"wp:attachment":[{"href":"https:\/\/apskaitosskydai.lt\/en\/wp-json\/wp\/v2\/media?parent=6009"}],"wp:term":[{"taxonomy":"product_brand","embeddable":true,"href":"https:\/\/apskaitosskydai.lt\/en\/wp-json\/wp\/v2\/product_brand?post=6009"},{"taxonomy":"product_cat","embeddable":true,"href":"https:\/\/apskaitosskydai.lt\/en\/wp-json\/wp\/v2\/product_cat?post=6009"},{"taxonomy":"product_tag","embeddable":true,"href":"https:\/\/apskaitosskydai.lt\/en\/wp-json\/wp\/v2\/product_tag?post=6009"}],"curies":[{"name":"wp","href":"https:\/\/api.w.org\/{rel}","templated":true}]}}